{"id":110219,"date":"2020-03-18T15:13:51","date_gmt":"2020-03-18T18:13:51","guid":{"rendered":"https:\/\/www3.prodalam.cl\/?page_id=110219"},"modified":"2020-11-03T09:24:49","modified_gmt":"2020-11-03T12:24:49","slug":"contingencia","status":"publish","type":"page","link":"https:\/\/www3.prodalam.cl\/es_cl\/contingencia\/","title":{"rendered":"Medidas de Acci\u00f3n COVID-19"},"content":{"rendered":"<div style=\"text-align: center;color: #005eb8;font-size:30px\" class=\"mb-2\">Medidas de Acci\u00f3n COVID-19\n  <\/div>\n<div class=\"row justify-content-center mt-0\" style=\"color: #3f3f3f;\">\n<div class=\"col-sm-12 col-md-8 col-md-offset-2 text-center p-0 mt-0 h3\" style=\"color: #3f3f3f;font-weight:normal\">Estimados clientes, debido a la contingencia y adapt\u00e1ndonos a los \u00faltimos acontecimientos hemos tomado las siguientes medidas:\n       <\/div>\n<div class=\"col-sm-12 col-md-8 col-md-offset-2 text-center p-0 mt-0 h3\" style=\"color: #3f3f3f;font-weight:normal\">\n<div class=\"row\">\n<div class=\"col-sm-1 text-right text-muted p-0 m-0\" style=\"font-size:24px; margin:0px;padding:0px;\">\n                <\/div>\n<div class=\"col-sm-1 col-md-1 text-right text-muted p-0 m-0\" style=\"font-size:24px; margin:0px;padding:0px;color:gold\">\n                      <svg aria-hidden=\"true\" style=\"height:30px;width:30px;margin-right:7px;position:relative;top:-3px;\" focusable=\"false\" data-prefix=\"fas\" data-icon=\"check-circle\" class=\"svg-inline--fa fa-check-circle fa-w-16 mr-2\" role=\"img\" xmlns=\"http:\/\/www.w3.org\/2000\/svg\" viewbox=\"0 0 512 512\"><path fill=\"currentColor\" d=\"M504 256c0 136.967-111.033 248-248 248S8 392.967 8 256 119.033 8 256 8s248 111.033 248 248zM227.314 387.314l184-184c6.248-6.248 6.248-16.379 0-22.627l-22.627-22.627c-6.248-6.249-16.379-6.249-22.628 0L216 308.118l-70.059-70.059c-6.248-6.248-16.379-6.248-22.628 0l-22.627 22.627c-6.248 6.248-6.248 16.379 0 22.627l104 104c6.249 6.249 16.379 6.249 22.628.001z\"><\/path><\/svg>\n                    <\/div>\n<div class=\"col-sm-10 col-md-10 text-left text-muted p-0 m-0\" style=\"font-size:18px; line-height:22px;\">Prefiera realizar la compra y\/o el pago remota a trav\u00e9s de nuestra p\u00e1gina web con retiro en sucursales. Tambi\u00e9n nos puede contactar por tel\u00e9fono y\/o a trav\u00e9s de su vendedor en caso de que aplique. <a href=\"https:\/\/www.prodalam.cl\">www.prodalam.cl<\/a>\n                   <\/div>\n<\/p><\/div>\n<div class=\"row\" style=\"margin-top:20px;\">\n<div class=\"col-sm-1 text-right text-muted p-0 m-0\" style=\"font-size:24px; margin:0px;padding:0px;\">\n                <\/div>\n<div class=\"col-sm-1 col-md-1 text-right text-muted p-0 m-0\" style=\"font-size:24px; margin:0px;padding:0px;\"><svg aria-hidden=\"true\" style=\"height:30px;width:30px;margin-right:7px;position:relative;top:-3px;\" focusable=\"false\" data-prefix=\"fas\" data-icon=\"check-circle\" class=\"svg-inline--fa fa-check-circle fa-w-16 text-success mr-2\" role=\"img\" xmlns=\"http:\/\/www.w3.org\/2000\/svg\" viewbox=\"0 0 512 512\"><path fill=\"currentColor\" d=\"M504 256c0 136.967-111.033 248-248 248S8 392.967 8 256 119.033 8 256 8s248 111.033 248 248zM227.314 387.314l184-184c6.248-6.248 6.248-16.379 0-22.627l-22.627-22.627c-6.248-6.249-16.379-6.249-22.628 0L216 308.118l-70.059-70.059c-6.248-6.248-16.379-6.248-22.628 0l-22.627 22.627c-6.248 6.248-6.248 16.379 0 22.627l104 104c6.249 6.249 16.379 6.249 22.628.001z\"><\/path><\/svg>\n                    <\/div>\n<div class=\"col-sm-10 col-md-10 text-left text-muted p-0 m-0\" style=\"font-size:18px; line-height:22px;\">Despacho\/Retiro de productos de bodega SIN CONTACTO. Al momento de cargar, el cliente\/transportista debe evitar descender de su veh\u00edculo y nuestros operarios de bodega aplicar\u00e1n el procedimiento de carga.\n                   <\/div>\n<\/p><\/div>\n<div class=\"row\" style=\"margin-top:20px;\">\n<div class=\"col-sm-1 text-right text-muted p-0 m-0\" style=\"font-size:24px; margin:0px;padding:0px;\">\n                <\/div>\n<div class=\"col-sm-1 col-md-1 text-right text-muted p-0 m-0\" style=\"font-size:24px; margin:0px;padding:0px;\">\n<p>                      <svg xmlns=\"http:\/\/www.w3.org\/2000\/svg\" style=\"height:30px;width:30px;margin-right:7px;position:relative;top:-3px;left:5px;\" fill=\"#005eb8\" viewbox=\"0 0 24 24\"><path d=\"M6.02 7.389c.399-.285.85-.417 1.292-.417.944 0 1.852.6 2.15 1.599-.382-.294-.83-.437-1.281-.437-.458 0-.919.147-1.321.434-.799.57-1.153 1.541-.845 2.461-1.242-.89-1.247-2.747.005-3.64zm3.741 12.77c.994.334 4.071 1.186 7.635 3.841l6.604-4.71c-1.713-2.402-1.241-4.082-2.943-6.468-1.162-1.628-1.827-1.654-3.037-1.432l.599.84c.361.507-.405 1.05-.764.544l-.534-.75c-.435-.609-1.279-.229-2.053-.051l.727 1.019c.36.505-.403 1.051-.764.544l-.629-.882c-.446-.626-1.318-.208-2.095-.01l.769 1.078c.363.508-.405 1.049-.764.544l-3.118-4.366c-.968-1.358-3.088.083-2.086 1.489l4.605 6.458c-.494-.183-1.363-.349-1.93-.349-1.754 0-2.429 1.92-.222 2.661zm-3.286-2.159h-4.475v-14h10v6.688l2-.471v-8.217c0-1.104-.895-2-2-2h-10c-1.105 0-2 .896-2 2v18.678c-.001 2.213 3.503 3.322 7.005 3.322 1.812 0 3.619-.299 4.944-.894-2.121-.946-6.378-1.576-5.474-5.106z\"\/><\/svg>\n                    <\/div>\n<div class=\"col-sm-10 col-md-10 text-left text-muted p-0 m-0\" style=\"font-size:18px; line-height:22px;\">Nuestros canales de atenci\u00f3n son:<br \/><a style=\"line-height: 30px\" href=\"https:\/\/wa.me\/56989970430?text=Hola,%20quer\u00eda%20informaci\u00f3n%20sobre\" target=\"_blank\" rel=\"noopener noreferrer\">&bull; WhatsApp: +569 8997 0430<\/a><br \/><a style=\"line-height: 30px\" href=\"mailto:ventas@prodalam.cl\">&bull; Email: ventas@prodalam.cl<\/a><br \/><a style=\"line-height: 30px\" href=\"tel:+56226851000\">&bull; Tel\u00e9fono: +562 2685 1000<\/a><br \/><span style=\"line-height: 30px; color:#005eb8\">&bull; Chat en la P\u00e1gina Web<\/span><br \/><span style=\"line-height: 30px; color:#005eb8\">&bull; <a style=\"line-height: 30px\" href=\"https:\/\/www.prodalam.cl\">Venta o Cotizaci\u00f3n por la p\u00e1gina web<\/a><\/span>\n                   <\/div>\n<\/p><\/div>\n<div class=\"row\" style=\"margin-top:20px;\">\n<div class=\"col-sm-1 text-right text-muted p-0 m-0\" style=\"font-size:24px; margin:0px;padding:0px;\">\n                <\/div>\n<div class=\"col-sm-1 col-md-1 text-right text-muted p-0 m-0\" style=\"font-size:24px; margin:0px;padding:0px;\">\n                          <svg style=\"height:30px;width:30px;margin-right:7px;position:relative;top:-3px;left:5px;\" fill=\"#005eb8\" viewbox=\"0 0 18 20\" \"none\"xmlns =\"http:\/\/www.w3.org\/2000\/svg\">\n                          <path d=\"M3.49397 9.50334V8.71308C4.50711 8.49019 5.25684 7.6594 5.3379 6.68678C5.41895 5.83574 5.05421 5.04548 4.32475 4.51864C3.91949 4.23496 3.43318 4.11338 2.96713 4.11338H2.33898C2.13635 4.11338 1.95398 4.03233 1.81214 3.87023C1.6703 3.70812 1.60951 3.52576 1.62977 3.32313C1.6703 2.95839 1.99451 2.67471 2.39977 2.67471H3.21028C3.41291 2.67471 3.59528 2.83682 3.63581 3.01918C3.67633 3.18129 3.81817 3.30287 3.98028 3.30287H4.87185C4.97316 3.30287 5.07448 3.26234 5.13527 3.18129C5.19606 3.10024 5.23658 3.01918 5.21632 2.91787C5.115 1.96551 4.4058 1.23604 3.4737 1.0942V0.344471C3.4737 0.162104 3.3116 0 3.12923 0H2.19714C2.01477 0 1.85266 0.162104 1.85266 0.344471V1.11446C0.697675 1.35762 -0.0925809 2.43156 0.00873394 3.62707C0.130312 4.80233 1.18399 5.73442 2.42003 5.73442H3.00765C3.21028 5.73442 3.39265 5.81547 3.53449 5.97758C3.67633 6.13968 3.73712 6.32205 3.71686 6.52468C3.67633 6.88941 3.35212 7.17309 2.94687 7.17309H2.13635C1.95398 7.17309 1.75135 7.01099 1.71082 6.82862C1.6703 6.66652 1.52846 6.54494 1.36635 6.54494H0.454519C0.353204 6.54494 0.25189 6.58547 0.191101 6.66652C0.130312 6.74757 0.0897859 6.82862 0.110049 6.92994C0.211364 7.8823 0.920568 8.61176 1.85266 8.75361V9.50334C1.85266 9.6857 2.01477 9.84781 2.19714 9.84781H3.12923C3.33186 9.84781 3.49397 9.6857 3.49397 9.50334Z\" fill=\"#005EB8\"\/>\n                          <path d=\"M17.0297 11.1649C17.0297 10.4354 16.4218 9.82753 15.6923 9.82753C15.206 9.82753 14.8007 10.0707 14.5576 10.4557V10.4354C14.5576 9.70595 13.9497 9.09806 13.2202 9.09806C12.7542 9.09806 12.3286 9.34122 12.0855 9.72622V9.68569C12.0855 8.95622 11.4776 8.34833 10.7481 8.34833C10.2821 8.34833 9.85656 8.59149 9.61341 8.97648V4.49837C9.61341 4.13363 9.47157 3.80943 9.22841 3.54601C8.98525 3.30285 8.64078 3.16101 8.27605 3.16101C7.54658 3.16101 6.93869 3.7689 6.93869 4.49837V12.7454C6.93869 12.8265 6.89817 12.8872 6.81712 12.9075C6.73606 12.9278 6.67527 12.9278 6.61449 12.867L5.25687 11.5094C4.79082 11.0636 4.08161 10.9825 3.53451 11.3473C3.21031 11.5701 3.00768 11.8944 2.94689 12.2794C2.8861 12.6643 3.00768 13.0493 3.25083 13.333L6.63475 17.4059C7.58711 18.5609 9.00552 19.2296 10.505 19.2296H12.6123C13.7876 19.2296 14.902 18.7635 15.7328 17.9327C16.5839 17.1222 17.0297 16.028 17.0297 14.8527V11.1649Z\" fill=\"#005EB8\"\/>\n                          <\/svg>\n                    <\/div>\n<div class=\"col-sm-10 col-md-10 text-left text-muted p-0 m-0\" style=\"font-size:18px; line-height:22px;\">Nuestras opciones de pago:<br \/><a style=\"line-height: 30px\" href=\"https:\/\/pagos.prodalam.cl\">&bull; Portal de Pagos: Webpay, Servipag, Banco de Chile, BCI, Khipu (Transferencias).<\/a><br \/><span style=\"line-height: 30px; color:#005eb8\">&bull; Transferencia Bancaria:<\/span><\/p>\n<div style=\"line-height: 30px;color:#3f3f3f; padding-left:20px;\">Tipo de Cuenta: Cuenta Corriente <\/br>Nombre: Prodalam S.A.<\/br>RUT: 93.772.000-9<\/br>Banco: Banco de Chile<\/br>N\u00famero de Cuenta: 6577806<\/br>Correo de confirmaci\u00f3n:  ventas@prodalam.cl o el correo de su vendedor.<\/br><span style=\"color:orange\">*Recuerda especificar el n\u00famero del pedido o la factura.<\/span>\n                      <\/div>\n<\/p><\/div>\n<\/p><\/div>\n<\/p><\/div>\n<div class=\"col-sm-12 col-md-8 col-md-offset-2 text-center p-0 mt-0 h3\" style=\"color: #3f3f3f;font-weight:normal\">Todos juntos combatimos la propagaci\u00f3n del contagio por Covid-19.\n        <\/div>\n<\/p><\/div>","protected":false},"excerpt":{"rendered":"<p>Medidas de Acci\u00f3n COVID-19 Estimados clientes, debido a la contingencia y adapt\u00e1ndonos a los \u00faltimos acontecimientos hemos tomado las siguientes medidas: Prefiera realizar la compra y\/o el pago remota a trav\u00e9s de nuestra p\u00e1gina web con retiro en sucursales. Tambi\u00e9n nos puede contactar por tel\u00e9fono&#8230;<\/p>","protected":false},"author":11,"featured_media":0,"parent":0,"menu_order":0,"comment_status":"closed","ping_status":"closed","template":"","meta":[],"_links":{"self":[{"href":"https:\/\/www3.prodalam.cl\/es_cl\/wp-json\/wp\/v2\/pages\/110219"}],"collection":[{"href":"https:\/\/www3.prodalam.cl\/es_cl\/wp-json\/wp\/v2\/pages"}],"about":[{"href":"https:\/\/www3.prodalam.cl\/es_cl\/wp-json\/wp\/v2\/types\/page"}],"author":[{"embeddable":true,"href":"https:\/\/www3.prodalam.cl\/es_cl\/wp-json\/wp\/v2\/users\/11"}],"replies":[{"embeddable":true,"href":"https:\/\/www3.prodalam.cl\/es_cl\/wp-json\/wp\/v2\/comments?post=110219"}],"version-history":[{"count":71,"href":"https:\/\/www3.prodalam.cl\/es_cl\/wp-json\/wp\/v2\/pages\/110219\/revisions"}],"predecessor-version":[{"id":111349,"href":"https:\/\/www3.prodalam.cl\/es_cl\/wp-json\/wp\/v2\/pages\/110219\/revisions\/111349"}],"wp:attachment":[{"href":"https:\/\/www3.prodalam.cl\/es_cl\/wp-json\/wp\/v2\/media?parent=110219"}],"curies":[{"name":"wp","href":"https:\/\/api.w.org\/{rel}","templated":true}]}}