{"id":3107,"date":"2019-01-22T12:54:47","date_gmt":"2019-01-22T15:54:47","guid":{"rendered":"https:\/\/www3.prodalam.cl\/?page_id=3107"},"modified":"2022-11-29T12:45:18","modified_gmt":"2022-11-29T15:45:18","slug":"distribucion-y-agricola","status":"publish","type":"page","link":"https:\/\/www3.prodalam.cl\/es_cl\/catalogos\/distribucion-y-agricola\/","title":{"rendered":"Cat\u00e1logo Distribuci\u00f3n y Agr\u00edcola"},"content":{"rendered":"<h1 style=\"text-align: center;\"><span style=\"color: #005eb8;\">Cat\u00e1logo de Distribuci\u00f3n y Agr\u00edcola<\/span><\/h1>\n<div class=\"row center text-center\">\n<div class=\"col-xs-12 col-md-6 col-md-offset-3 text-center center\" style=\"padding-bottom:10px;\">\n<p style=\"padding:0px;margin:0px;text-align:right;\">\n<a href=\"https:\/\/prodalam-wordpress.s3.us-east-2.amazonaws.com\/wp-content\/uploads\/2022\/11\/29124317\/221129-Nuevo-Catalogo-Productos-Agricolas-2023.pdf\" target=\"_blank\" rel=\"noopener noreferrer\">Descargar<\/a>\n<\/p>\n<p><iframe src=\"https:\/\/docs.google.com\/gview?url=https:\/\/prodalam-wordpress.s3.us-east-2.amazonaws.com\/wp-content\/uploads\/2022\/11\/29124317\/221129-Nuevo-Catalogo-Productos-Agricolas-2023.pdf&#038;embedded=true\" style=\"width:600px; height:500px;\" frameborder=\"0\"><\/iframe>\n<\/div>\n<\/div>","protected":false},"excerpt":{"rendered":"<p>Cat\u00e1logo de Distribuci\u00f3n y Agr\u00edcola Descargar<\/p>","protected":false},"author":11,"featured_media":0,"parent":3035,"menu_order":0,"comment_status":"closed","ping_status":"closed","template":"","meta":[],"_links":{"self":[{"href":"https:\/\/www3.prodalam.cl\/es_cl\/wp-json\/wp\/v2\/pages\/3107"}],"collection":[{"href":"https:\/\/www3.prodalam.cl\/es_cl\/wp-json\/wp\/v2\/pages"}],"about":[{"href":"https:\/\/www3.prodalam.cl\/es_cl\/wp-json\/wp\/v2\/types\/page"}],"author":[{"embeddable":true,"href":"https:\/\/www3.prodalam.cl\/es_cl\/wp-json\/wp\/v2\/users\/11"}],"replies":[{"embeddable":true,"href":"https:\/\/www3.prodalam.cl\/es_cl\/wp-json\/wp\/v2\/comments?post=3107"}],"version-history":[{"count":5,"href":"https:\/\/www3.prodalam.cl\/es_cl\/wp-json\/wp\/v2\/pages\/3107\/revisions"}],"predecessor-version":[{"id":111041,"href":"https:\/\/www3.prodalam.cl\/es_cl\/wp-json\/wp\/v2\/pages\/3107\/revisions\/111041"}],"up":[{"embeddable":true,"href":"https:\/\/www3.prodalam.cl\/es_cl\/wp-json\/wp\/v2\/pages\/3035"}],"wp:attachment":[{"href":"https:\/\/www3.prodalam.cl\/es_cl\/wp-json\/wp\/v2\/media?parent=3107"}],"curies":[{"name":"wp","href":"https:\/\/api.w.org\/{rel}","templated":true}]}}