{"id":3384,"date":"2019-03-12T10:17:25","date_gmt":"2019-03-12T13:17:25","guid":{"rendered":"https:\/\/www3.prodalam.cl\/quotelist\/"},"modified":"2019-04-23T09:14:06","modified_gmt":"2019-04-23T13:14:06","slug":"quotelist","status":"publish","type":"page","link":"https:\/\/www3.prodalam.cl\/es_cl\/quotelist\/","title":{"rendered":"Solicitud de Cotizaci\u00f3n"},"content":{"rendered":"<p><div class=\"woocommerce woocommerce-cart\"><p class=\"cart-empty\" data-no-translation=\"\">Tu cotizaci\u00f3n est\u00e1 vac\u00eda.<\/p>\r\n<p class=\"return-to-shop\"><a class=\"button wc-backward\" href=\"https:\/\/www3.prodalam.cl\/es_cl\/tienda\/\" data-no-translation=\"\">Ver M\u00e1s Productos<\/a><\/p>\r\n<\/div><\/p>","protected":false},"excerpt":{"rendered":"<p><trp-wrap class=\"trp-wrap\" data-no-translation>Tu cotizaci\u00f3n est\u00e1 vac\u00eda.<\/trp-wrap> <trp-wrap class=\"trp-wrap\" data-no-translation>Ver M\u00e1s Productos<\/trp-wrap><\/p>","protected":false},"author":11,"featured_media":0,"parent":0,"menu_order":0,"comment_status":"closed","ping_status":"closed","template":"","meta":[],"_links":{"self":[{"href":"https:\/\/www3.prodalam.cl\/es_cl\/wp-json\/wp\/v2\/pages\/3384"}],"collection":[{"href":"https:\/\/www3.prodalam.cl\/es_cl\/wp-json\/wp\/v2\/pages"}],"about":[{"href":"https:\/\/www3.prodalam.cl\/es_cl\/wp-json\/wp\/v2\/types\/page"}],"author":[{"embeddable":true,"href":"https:\/\/www3.prodalam.cl\/es_cl\/wp-json\/wp\/v2\/users\/11"}],"replies":[{"embeddable":true,"href":"https:\/\/www3.prodalam.cl\/es_cl\/wp-json\/wp\/v2\/comments?post=3384"}],"version-history":[{"count":1,"href":"https:\/\/www3.prodalam.cl\/es_cl\/wp-json\/wp\/v2\/pages\/3384\/revisions"}],"predecessor-version":[{"id":93418,"href":"https:\/\/www3.prodalam.cl\/es_cl\/wp-json\/wp\/v2\/pages\/3384\/revisions\/93418"}],"wp:attachment":[{"href":"https:\/\/www3.prodalam.cl\/es_cl\/wp-json\/wp\/v2\/media?parent=3384"}],"curies":[{"name":"wp","href":"https:\/\/api.w.org\/{rel}","templated":true}]}}