{"id":96247,"date":"2019-05-24T14:38:10","date_gmt":"2019-05-24T18:38:10","guid":{"rendered":"https:\/\/www3.prodalam.cl\/?page_id=96247"},"modified":"2019-05-24T15:08:56","modified_gmt":"2019-05-24T19:08:56","slug":"trabaja-con-nosotros","status":"publish","type":"page","link":"https:\/\/www3.prodalam.cl\/es_cl\/trabaja-con-nosotros\/","title":{"rendered":"Trabaja Con Nosotros"},"content":{"rendered":"<style>\nbody, div {\ncolor:#555555;\nfont-family: Arial, Helvetica, Sans-serif;\ntext-justify: inter-word;\ntext-align: justify;\n}\n<\/style>\n<h1 style=\"text-align: center;margin-bottom:10px;\"><span style=\"color: #005eb8;\">Trabaja Con Nosotros<\/span><\/h1>\n<div style=\"\">\n<img class=\"alignnone size-large wp-image-3261\" style=\"max-width: 100%; width: 100%;float:right; min-width:300px;padding:0px 0px 10px 0px;margin:0px;\" src=\"https:\/\/www3.prodalam.cl\/wp-content\/uploads\/2019\/01\/181213-slide_principal_corazon-1.jpg\" alt=\"Prodalam\" \/><\/p>\n<p>En Prodalam creemos que el desarrollo y crecimiento de la empresa est\u00e1 dado por nuestra gente. Gracias a ellos hemos logrado ofrecer a nuestros clientes soluciones innovadoras. <\/p>\n<p>Nuestra red experta con Sucursales desde Arica a Punta Arenas, 3 Centros de distribuci\u00f3n ubicados en Santiago, Antofagasta y Concepci\u00f3n, y una log\u00edstica desarrollada con nuestros proveedores permiten abastecer los principales centros de actividad econ\u00f3mica del pa\u00eds.<\/p>\n<p>Nuestra gente, cercana, capacitada y dispuesta para apoyar y asesorar en terreno a nuestros clientes, se suma a una completa infraestructura garantizando el suministro, env\u00edo y disponibilidad en cualquier punto del pa\u00eds.\n<\/p><\/div>\n<p style=\"margin-top:20px;\">Si te interesa ser considerado para alg\u00fan proceso actual o futuro, d\u00e9janos tus datos a continuaci\u00f3n:<\/p>\n<div role=\"form\" class=\"wpcf7\" id=\"wpcf7-f96246-o1\" lang=\"es-ES\" dir=\"ltr\">\n<div class=\"screen-reader-response\"><\/div>\n<form action=\"\/es_cl\/wp-json\/wp\/v2\/pages\/96247#wpcf7-f96246-o1\" method=\"post\" class=\"wpcf7-form\" novalidate=\"novalidate\" data-trp-original-action=\"\/es_cl\/wp-json\/wp\/v2\/pages\/96247#wpcf7-f96246-o1\">\n<div style=\"display: none;\">\n<input type=\"hidden\" name=\"_wpcf7\" value=\"96246\" \/>\n<input type=\"hidden\" name=\"_wpcf7_version\" value=\"5.1.1\" \/>\n<input type=\"hidden\" name=\"_wpcf7_locale\" value=\"es_ES\" \/>\n<input type=\"hidden\" name=\"_wpcf7_unit_tag\" value=\"wpcf7-f96246-o1\" \/>\n<input type=\"hidden\" name=\"_wpcf7_container_post\" value=\"0\" \/>\n<input type=\"hidden\" name=\"g-recaptcha-response\" value=\"\" \/>\n<\/div>\n<p><label> Nombre*:<br \/>\n    <span class=\"wpcf7-form-control-wrap nombre\"><input type=\"text\" name=\"nombre\" value=\"\" size=\"40\" class=\"wpcf7-form-control wpcf7-text wpcf7-validates-as-required\" aria-required=\"true\" aria-invalid=\"false\" \/><\/span> <\/label><\/p>\n<p><label> Email*:<br \/>\n    <span class=\"wpcf7-form-control-wrap email\"><input type=\"email\" name=\"email\" value=\"\" size=\"40\" class=\"wpcf7-form-control wpcf7-text wpcf7-email wpcf7-validates-as-required wpcf7-validates-as-email\" aria-required=\"true\" aria-invalid=\"false\" \/><\/span> <\/label><\/p>\n<p><label> Tel\u00e9fono*:<br \/>\n    <span class=\"wpcf7-form-control-wrap tel\"><input type=\"tel\" name=\"tel\" value=\"\" size=\"40\" class=\"wpcf7-form-control wpcf7-text wpcf7-tel wpcf7-validates-as-required wpcf7-validates-as-tel\" aria-required=\"true\" aria-invalid=\"false\" \/><\/span> <\/label><br \/>\n<label> Ciudad*:<\/p>\n<p><span class=\"wpcf7-form-control-wrap ciudad\"><select name=\"ciudad\" class=\"wpcf7-form-control wpcf7-select wpcf7-validates-as-required input-ciudad\" id=\"input-ciudad\" aria-required=\"true\" aria-invalid=\"false\"><option value=\"\">---<\/option><option value=\"Santiago\">Santiago<\/option><option value=\"Vi\u00f1a del Mar\">Vi\u00f1a del Mar<\/option><option value=\"Concepci\u00f3n\">Concepci\u00f3n<\/option><option value=\"Algarrobo\">Algarrobo<\/option><option value=\"Alhu\u00e9\">Alhu\u00e9<\/option><option value=\"Alto B\u00edo-B\u00edo\">Alto B\u00edo-B\u00edo<\/option><option value=\"Alto del Carmen\">Alto del Carmen<\/option><option value=\"Alto Hospicio\">Alto Hospicio<\/option><option value=\"Ancud\">Ancud<\/option><option value=\"Andacollo\">Andacollo<\/option><option value=\"Angol\">Angol<\/option><option value=\"Ant\u00e1rtica\">Ant\u00e1rtica<\/option><option value=\"Antofagasta\">Antofagasta<\/option><option value=\"Antuco\">Antuco<\/option><option value=\"Arauco\">Arauco<\/option><option value=\"Arica\">Arica<\/option><option value=\"Aysen\">Aysen<\/option><option value=\"Buin\">Buin<\/option><option value=\"Bulnes\">Bulnes<\/option><option value=\"Cabildo\">Cabildo<\/option><option value=\"Cabo de Hornos\">Cabo de Hornos<\/option><option value=\"Cabrero\">Cabrero<\/option><option value=\"Calama\">Calama<\/option><option value=\"Calbuco\">Calbuco<\/option><option value=\"Caldera\">Caldera<\/option><option value=\"Calera\">Calera<\/option><option value=\"Calera de Tango\">Calera de Tango<\/option><option value=\"Calle Larga\">Calle Larga<\/option><option value=\"Camarones\">Camarones<\/option><option value=\"Cami\u00f1a\">Cami\u00f1a<\/option><option value=\"Canela\">Canela<\/option><option value=\"Ca\u00f1ete\">Ca\u00f1ete<\/option><option value=\"Carahue\">Carahue<\/option><option value=\"Cartagena\">Cartagena<\/option><option value=\"Casablanca\">Casablanca<\/option><option value=\"Castro\">Castro<\/option><option value=\"Catemu\">Catemu<\/option><option value=\"Cauquenes\">Cauquenes<\/option><option value=\"Cerrillos\">Cerrillos<\/option><option value=\"Cerro Navia\">Cerro Navia<\/option><option value=\"Chait\u00e9n\">Chait\u00e9n<\/option><option value=\"Chanco\">Chanco<\/option><option value=\"Cha\u00f1aral\">Cha\u00f1aral<\/option><option value=\"Ch\u00e9pica\">Ch\u00e9pica<\/option><option value=\"Chiguayante\">Chiguayante<\/option><option value=\"Chile Chico\">Chile Chico<\/option><option value=\"Chill\u00e1n\">Chill\u00e1n<\/option><option value=\"Chill\u00e1n Viejo\">Chill\u00e1n Viejo<\/option><option value=\"Chimbarongo\">Chimbarongo<\/option><option value=\"Cholchol\">Cholchol<\/option><option value=\"Chonchi\">Chonchi<\/option><option value=\"Cisnes\">Cisnes<\/option><option value=\"Cobquecura\">Cobquecura<\/option><option value=\"Cocham\u00f3\">Cocham\u00f3<\/option><option value=\"Cochrane\">Cochrane<\/option><option value=\"Codegua\">Codegua<\/option><option value=\"Coelemu\">Coelemu<\/option><option value=\"Coihaique\">Coihaique<\/option><option value=\"Coihueco\">Coihueco<\/option><option value=\"Coinco\">Coinco<\/option><option value=\"Colb\u00fan\">Colb\u00fan<\/option><option value=\"Colchane\">Colchane<\/option><option value=\"Colina\">Colina<\/option><option value=\"Collipulli\">Collipulli<\/option><option value=\"Coltauco\">Coltauco<\/option><option value=\"Combarbal\u00e1\">Combarbal\u00e1<\/option><option value=\"Concepci\u00f3n\">Concepci\u00f3n<\/option><option value=\"Conchal\u00ed\">Conchal\u00ed<\/option><option value=\"Conc\u00f3n\">Conc\u00f3n<\/option><option value=\"Constituci\u00f3n\">Constituci\u00f3n<\/option><option value=\"Contulmo\">Contulmo<\/option><option value=\"Copiap\u00f3\">Copiap\u00f3<\/option><option value=\"Coquimbo\">Coquimbo<\/option><option value=\"Coronel\">Coronel<\/option><option value=\"Corral\">Corral<\/option><option value=\"Cunco\">Cunco<\/option><option value=\"Curacaut\u00edn\">Curacaut\u00edn<\/option><option value=\"Curacav\u00ed\">Curacav\u00ed<\/option><option value=\"Curaco de V\u00e9lez\">Curaco de V\u00e9lez<\/option><option value=\"Curanilahue\">Curanilahue<\/option><option value=\"Curarrehue\">Curarrehue<\/option><option value=\"Curepto\">Curepto<\/option><option value=\"Curic\u00f3\">Curic\u00f3<\/option><option value=\"Dalcahue\">Dalcahue<\/option><option value=\"Diego de Almagro\">Diego de Almagro<\/option><option value=\"Do\u00f1ihue\">Do\u00f1ihue<\/option><option value=\"El Bosque\">El Bosque<\/option><option value=\"El Carmen\">El Carmen<\/option><option value=\"El Monte\">El Monte<\/option><option value=\"El Quisco\">El Quisco<\/option><option value=\"El Tabo\">El Tabo<\/option><option value=\"Empedrado\">Empedrado<\/option><option value=\"Ercilla\">Ercilla<\/option><option value=\"Estaci\u00f3n Central\">Estaci\u00f3n Central<\/option><option value=\"Florida\">Florida<\/option><option value=\"Freire\">Freire<\/option><option value=\"Freirina\">Freirina<\/option><option value=\"Fresia\">Fresia<\/option><option value=\"Frutillar\">Frutillar<\/option><option value=\"Futaleuf\u00fa\">Futaleuf\u00fa<\/option><option value=\"Futrono\">Futrono<\/option><option value=\"Galvarino\">Galvarino<\/option><option value=\"General Lagos\">General Lagos<\/option><option value=\"Gorbea\">Gorbea<\/option><option value=\"Graneros\">Graneros<\/option><option value=\"Guaitecas\">Guaitecas<\/option><option value=\"Hijuelas\">Hijuelas<\/option><option value=\"Hualaihu\u00e9\">Hualaihu\u00e9<\/option><option value=\"Huala\u00f1\u00e9\">Huala\u00f1\u00e9<\/option><option value=\"Hualp\u00e9n\">Hualp\u00e9n<\/option><option value=\"Hualqui\">Hualqui<\/option><option value=\"Huara\">Huara<\/option><option value=\"Huasco\">Huasco<\/option><option value=\"Huechuraba\">Huechuraba<\/option><option value=\"Illapel\">Illapel<\/option><option value=\"Independencia\">Independencia<\/option><option value=\"Iquique\">Iquique<\/option><option value=\"Isla de Maipo\">Isla de Maipo<\/option><option value=\"Isla de Pascua\">Isla de Pascua<\/option><option value=\"Juan Fern\u00e1ndez\">Juan Fern\u00e1ndez<\/option><option value=\"La Cisterna\">La Cisterna<\/option><option value=\"La Cruz\">La Cruz<\/option><option value=\"La Estrella\">La Estrella<\/option><option value=\"La Florida\">La Florida<\/option><option value=\"La Granja\">La Granja<\/option><option value=\"La Higuera\">La Higuera<\/option><option value=\"La Ligua\">La Ligua<\/option><option value=\"La Pintana\">La Pintana<\/option><option value=\"La Reina\">La Reina<\/option><option value=\"La Serena\">La Serena<\/option><option value=\"La Uni\u00f3n\">La Uni\u00f3n<\/option><option value=\"Lago Ranco\">Lago Ranco<\/option><option value=\"Lago Verde\">Lago Verde<\/option><option value=\"Laguna Blanca\">Laguna Blanca<\/option><option value=\"Laja\">Laja<\/option><option value=\"Lampa\">Lampa<\/option><option value=\"Lanco\">Lanco<\/option><option value=\"Las Cabras\">Las Cabras<\/option><option value=\"Las Condes\">Las Condes<\/option><option value=\"Lautaro\">Lautaro<\/option><option value=\"Lebu\">Lebu<\/option><option value=\"Licant\u00e9n\">Licant\u00e9n<\/option><option value=\"Limache\">Limache<\/option><option value=\"Linares\">Linares<\/option><option value=\"Litueche\">Litueche<\/option><option value=\"Llaillay\">Llaillay<\/option><option value=\"Llanquihue\">Llanquihue<\/option><option value=\"Lo Barnechea\">Lo Barnechea<\/option><option value=\"Lo Espejo\">Lo Espejo<\/option><option value=\"Lo Prado\">Lo Prado<\/option><option value=\"Lolol\">Lolol<\/option><option value=\"Loncoche\">Loncoche<\/option><option value=\"Longav\u00ed\">Longav\u00ed<\/option><option value=\"Lonquimay\">Lonquimay<\/option><option value=\"Los \u00c1lamos\">Los \u00c1lamos<\/option><option value=\"Los Andes\">Los Andes<\/option><option value=\"Los \u00c1ngeles\">Los \u00c1ngeles<\/option><option value=\"Los Lagos\">Los Lagos<\/option><option value=\"Los Muermos\">Los Muermos<\/option><option value=\"Los Sauces\">Los Sauces<\/option><option value=\"Los Vilos\">Los Vilos<\/option><option value=\"Lota\">Lota<\/option><option value=\"Lumaco\">Lumaco<\/option><option value=\"Machal\u00ed\">Machal\u00ed<\/option><option value=\"Macul\">Macul<\/option><option value=\"M\u00e1fil\">M\u00e1fil<\/option><option value=\"Maip\u00fa\">Maip\u00fa<\/option><option value=\"Malloa\">Malloa<\/option><option value=\"Marchihue\">Marchihue<\/option><option value=\"Mar\u00eda Elena\">Mar\u00eda Elena<\/option><option value=\"Mar\u00eda Pinto\">Mar\u00eda Pinto<\/option><option value=\"Mariquina\">Mariquina<\/option><option value=\"Maule\">Maule<\/option><option value=\"Maull\u00edn\">Maull\u00edn<\/option><option value=\"Mejillones\">Mejillones<\/option><option value=\"Melipeuco\">Melipeuco<\/option><option value=\"Melipilla\">Melipilla<\/option><option value=\"Molina\">Molina<\/option><option value=\"Monte Patria\">Monte Patria<\/option><option value=\"Mostazal\">Mostazal<\/option><option value=\"Mulch\u00e9n\">Mulch\u00e9n<\/option><option value=\"Nacimiento\">Nacimiento<\/option><option value=\"Nancagua\">Nancagua<\/option><option value=\"Natales\">Natales<\/option><option value=\"Navidad\">Navidad<\/option><option value=\"Negrete\">Negrete<\/option><option value=\"Ninhue\">Ninhue<\/option><option value=\"Nogales\">Nogales<\/option><option value=\"Nueva Imperial\">Nueva Imperial<\/option><option value=\"\u00d1iqu\u00e9n\">\u00d1iqu\u00e9n<\/option><option value=\"\u00d1u\u00f1oa\">\u00d1u\u00f1oa<\/option><option value=\"O&#039;Higgins\">O&#039;Higgins<\/option><option value=\"Olivar\">Olivar<\/option><option value=\"Ollag\u00fce\">Ollag\u00fce<\/option><option value=\"Olmu\u00e9\">Olmu\u00e9<\/option><option value=\"Osorno\">Osorno<\/option><option value=\"Ovalle\">Ovalle<\/option><option value=\"Padre Hurtado\">Padre Hurtado<\/option><option value=\"Padre las Casas\">Padre las Casas<\/option><option value=\"Paiguano\">Paiguano<\/option><option value=\"Paillaco\">Paillaco<\/option><option value=\"Paine\">Paine<\/option><option value=\"Palena\">Palena<\/option><option value=\"Palmilla\">Palmilla<\/option><option value=\"Panguipulli\">Panguipulli<\/option><option value=\"Panquehue\">Panquehue<\/option><option value=\"Papudo\">Papudo<\/option><option value=\"Paredones\">Paredones<\/option><option value=\"Parral\">Parral<\/option><option value=\"Pedro Aguirre Cerda\">Pedro Aguirre Cerda<\/option><option value=\"Pelarco\">Pelarco<\/option><option value=\"Pelluhue\">Pelluhue<\/option><option value=\"Pemuco\">Pemuco<\/option><option value=\"Pencahue\">Pencahue<\/option><option value=\"Penco\">Penco<\/option><option value=\"Pe\u00f1aflor\">Pe\u00f1aflor<\/option><option value=\"Pe\u00f1alol\u00e9n\">Pe\u00f1alol\u00e9n<\/option><option value=\"Peralillo\">Peralillo<\/option><option value=\"Perquenco\">Perquenco<\/option><option value=\"Petorca\">Petorca<\/option><option value=\"Peumo\">Peumo<\/option><option value=\"Pica\">Pica<\/option><option value=\"Pichidegua\">Pichidegua<\/option><option value=\"Pichilemu\">Pichilemu<\/option><option value=\"Pinto\">Pinto<\/option><option value=\"Pirque\">Pirque<\/option><option value=\"Pitrufqu\u00e9n\">Pitrufqu\u00e9n<\/option><option value=\"Placilla\">Placilla<\/option><option value=\"Portezuelo\">Portezuelo<\/option><option value=\"Porvenir\">Porvenir<\/option><option value=\"Pozo Almonte\">Pozo Almonte<\/option><option value=\"Primavera\">Primavera<\/option><option value=\"Providencia\">Providencia<\/option><option value=\"Puchuncav\u00ed\">Puchuncav\u00ed<\/option><option value=\"Puc\u00f3n\">Puc\u00f3n<\/option><option value=\"Pudahuel\">Pudahuel<\/option><option value=\"Puente Alto\">Puente Alto<\/option><option value=\"Puerto Montt\">Puerto Montt<\/option><option value=\"Puerto Octay\">Puerto Octay<\/option><option value=\"Puerto Varas\">Puerto Varas<\/option><option value=\"Pumanque\">Pumanque<\/option><option value=\"Punitaqui\">Punitaqui<\/option><option value=\"Punta Arenas\">Punta Arenas<\/option><option value=\"Puqueld\u00f3n\">Puqueld\u00f3n<\/option><option value=\"Pur\u00e9n\">Pur\u00e9n<\/option><option value=\"Purranque\">Purranque<\/option><option value=\"Putaendo\">Putaendo<\/option><option value=\"Putre\">Putre<\/option><option value=\"Puyehue\">Puyehue<\/option><option value=\"Queil\u00e9n\">Queil\u00e9n<\/option><option value=\"Quell\u00f3n\">Quell\u00f3n<\/option><option value=\"Quemchi\">Quemchi<\/option><option value=\"Quilaco\">Quilaco<\/option><option value=\"Quilicura\">Quilicura<\/option><option value=\"Quilleco\">Quilleco<\/option><option value=\"Quill\u00f3n\">Quill\u00f3n<\/option><option value=\"Quillota\">Quillota<\/option><option value=\"Quilpu\u00e9\">Quilpu\u00e9<\/option><option value=\"Quinchao\">Quinchao<\/option><option value=\"Quinta de Tilcoco\">Quinta de Tilcoco<\/option><option value=\"Quinta Normal\">Quinta Normal<\/option><option value=\"Quintero\">Quintero<\/option><option value=\"Quirihue\">Quirihue<\/option><option value=\"Rancagua\">Rancagua<\/option><option value=\"R\u00e1nquil\">R\u00e1nquil<\/option><option value=\"Rauco\">Rauco<\/option><option value=\"Recoleta\">Recoleta<\/option><option value=\"Renaico\">Renaico<\/option><option value=\"Renca\">Renca<\/option><option value=\"Rengo\">Rengo<\/option><option value=\"Requ\u00ednoa\">Requ\u00ednoa<\/option><option value=\"Retiro\">Retiro<\/option><option value=\"Rinconada\">Rinconada<\/option><option value=\"R\u00edo Bueno\">R\u00edo Bueno<\/option><option value=\"R\u00edo Claro\">R\u00edo Claro<\/option><option value=\"R\u00edo Hurtado\">R\u00edo Hurtado<\/option><option value=\"R\u00edo Ib\u00e1\u00f1ez\">R\u00edo Ib\u00e1\u00f1ez<\/option><option value=\"R\u00edo Negro\">R\u00edo Negro<\/option><option value=\"R\u00edo Verde\">R\u00edo Verde<\/option><option value=\"Romeral\">Romeral<\/option><option value=\"Saavedra\">Saavedra<\/option><option value=\"Sagrada Familia\">Sagrada Familia<\/option><option value=\"Salamanca\">Salamanca<\/option><option value=\"San Antonio\">San Antonio<\/option><option value=\"San Bernardo\">San Bernardo<\/option><option value=\"San Carlos\">San Carlos<\/option><option value=\"San Clemente\">San Clemente<\/option><option value=\"San Esteban\">San Esteban<\/option><option value=\"San Fabi\u00e1n\">San Fabi\u00e1n<\/option><option value=\"San Felipe\">San Felipe<\/option><option value=\"San Fernando\">San Fernando<\/option><option value=\"San Gregorio\">San Gregorio<\/option><option value=\"San Ignacio\">San Ignacio<\/option><option value=\"San Javier\">San Javier<\/option><option value=\"San Joaqu\u00edn\">San Joaqu\u00edn<\/option><option value=\"San Jos\u00e9 de Maipo\">San Jos\u00e9 de Maipo<\/option><option value=\"San Juan de La Costa\">San Juan de La Costa<\/option><option value=\"San Miguel\">San Miguel<\/option><option value=\"San Nicol\u00e1s\">San Nicol\u00e1s<\/option><option value=\"San Pablo\">San Pablo<\/option><option value=\"San Pedro\">San Pedro<\/option><option value=\"San Pedro de Atacama\">San Pedro de Atacama<\/option><option value=\"San Pedro de la Paz\">San Pedro de la Paz<\/option><option value=\"San Rafael\">San Rafael<\/option><option value=\"San Ram\u00f3n\">San Ram\u00f3n<\/option><option value=\"San Rosendo\">San Rosendo<\/option><option value=\"San Vicente\">San Vicente<\/option><option value=\"Santa B\u00e1rbara\">Santa B\u00e1rbara<\/option><option value=\"Santa Cruz\">Santa Cruz<\/option><option value=\"Santa Juana\">Santa Juana<\/option><option value=\"Santa Mar\u00eda\">Santa Mar\u00eda<\/option><option value=\"Santiago\">Santiago<\/option><option value=\"Santo Domingo\">Santo Domingo<\/option><option value=\"Sierra Gorda\">Sierra Gorda<\/option><option value=\"Talagante\">Talagante<\/option><option value=\"Talca\">Talca<\/option><option value=\"Talcahuano\">Talcahuano<\/option><option value=\"Taltal\">Taltal<\/option><option value=\"Temuco\">Temuco<\/option><option value=\"Teno\">Teno<\/option><option value=\"Teodoro Schmidt\">Teodoro Schmidt<\/option><option value=\"Tierra Amarilla\">Tierra Amarilla<\/option><option value=\"Tiltil\">Tiltil<\/option><option value=\"Timaukel\">Timaukel<\/option><option value=\"Tir\u00faa\">Tir\u00faa<\/option><option value=\"Tocopilla\">Tocopilla<\/option><option value=\"Tolt\u00e9n\">Tolt\u00e9n<\/option><option value=\"Tom\u00e9\">Tom\u00e9<\/option><option value=\"Torres del Paine\">Torres del Paine<\/option><option value=\"Tortel\">Tortel<\/option><option value=\"Traigu\u00e9n\">Traigu\u00e9n<\/option><option value=\"Treguaco\">Treguaco<\/option><option value=\"Tucapel\">Tucapel<\/option><option value=\"Valdivia\">Valdivia<\/option><option value=\"Vallenar\">Vallenar<\/option><option value=\"Valpara\u00edso\">Valpara\u00edso<\/option><option value=\"Vichuqu\u00e9n\">Vichuqu\u00e9n<\/option><option value=\"Victoria\">Victoria<\/option><option value=\"Vicu\u00f1a\">Vicu\u00f1a<\/option><option value=\"Vilc\u00fan\">Vilc\u00fan<\/option><option value=\"Villa Alegre\">Villa Alegre<\/option><option value=\"Villa Alemana\">Villa Alemana<\/option><option value=\"Villarrica\">Villarrica<\/option><option value=\"Vi\u00f1a del Mar\">Vi\u00f1a del Mar<\/option><option value=\"Vitacura\">Vitacura<\/option><option value=\"Yerbas Buenas\">Yerbas Buenas<\/option><option value=\"Yumbel\">Yumbel<\/option><option value=\"Yungay\">Yungay<\/option><option value=\"Zapallar\">Zapallar<\/option><\/select><\/span><\/label><br \/>\n<label> Link a tu CV (Con acceso p\u00fablico)*:<br \/>\n    <span class=\"wpcf7-form-control-wrap link-cv\"><input type=\"text\" name=\"link-cv\" value=\"\" size=\"40\" class=\"wpcf7-form-control wpcf7-text wpcf7-validates-as-required\" aria-required=\"true\" aria-invalid=\"false\" \/><\/span> <\/label><br \/>\n<label> Mensaje*:<br \/>\n    <span class=\"wpcf7-form-control-wrap your-message\"><textarea name=\"your-message\" cols=\"40\" rows=\"10\" class=\"wpcf7-form-control wpcf7-textarea wpcf7-validates-as-required\" aria-required=\"true\" aria-invalid=\"false\"><\/textarea><\/span> <\/label><br \/>\n*En caso de aplicar para una vacante especifica favor de mencionarlo.<\/p>\n<p><input type=\"submit\" value=\"Enviar\" class=\"wpcf7-form-control wpcf7-submit\" \/><\/p>\n<div class=\"wpcf7-response-output wpcf7-display-none\"><\/div><input type=\"hidden\" name=\"trp-form-language\" value=\"es_cl\"\/><\/form><\/div>","protected":false},"excerpt":{"rendered":"<p>Trabaja Con Nosotros En Prodalam creemos que el desarrollo y crecimiento de la empresa est\u00e1 dado por nuestra gente. Gracias a ellos hemos logrado ofrecer a nuestros clientes soluciones innovadoras. Nuestra red experta con Sucursales desde Arica a Punta Arenas, 3 Centros de distribuci\u00f3n ubicados&#8230;<\/p>","protected":false},"author":11,"featured_media":0,"parent":0,"menu_order":0,"comment_status":"closed","ping_status":"closed","template":"","meta":[],"_links":{"self":[{"href":"https:\/\/www3.prodalam.cl\/es_cl\/wp-json\/wp\/v2\/pages\/96247"}],"collection":[{"href":"https:\/\/www3.prodalam.cl\/es_cl\/wp-json\/wp\/v2\/pages"}],"about":[{"href":"https:\/\/www3.prodalam.cl\/es_cl\/wp-json\/wp\/v2\/types\/page"}],"author":[{"embeddable":true,"href":"https:\/\/www3.prodalam.cl\/es_cl\/wp-json\/wp\/v2\/users\/11"}],"replies":[{"embeddable":true,"href":"https:\/\/www3.prodalam.cl\/es_cl\/wp-json\/wp\/v2\/comments?post=96247"}],"version-history":[{"count":21,"href":"https:\/\/www3.prodalam.cl\/es_cl\/wp-json\/wp\/v2\/pages\/96247\/revisions"}],"predecessor-version":[{"id":96271,"href":"https:\/\/www3.prodalam.cl\/es_cl\/wp-json\/wp\/v2\/pages\/96247\/revisions\/96271"}],"wp:attachment":[{"href":"https:\/\/www3.prodalam.cl\/es_cl\/wp-json\/wp\/v2\/media?parent=96247"}],"curies":[{"name":"wp","href":"https:\/\/api.w.org\/{rel}","templated":true}]}}